{"id":2814,"date":"2024-02-09T09:28:17","date_gmt":"2024-02-09T09:28:17","guid":{"rendered":"https:\/\/www.cayoresort.com\/datenschutzrichtlinie\/"},"modified":"2024-09-10T14:20:06","modified_gmt":"2024-09-10T14:20:06","slug":"datenschutzrichtlinie","status":"publish","type":"page","link":"https:\/\/www.cayoresort.com\/de\/datenschutzrichtlinie\/","title":{"rendered":"Datenschutzrichtlinie"},"content":{"rendered":"[vc_row type=&#8220;in_container&#8220; full_screen_row_position=&#8220;middle&#8220; column_margin=&#8220;default&#8220; column_direction=&#8220;default&#8220; column_direction_tablet=&#8220;default&#8220; column_direction_phone=&#8220;default&#8220; scene_position=&#8220;center&#8220; text_color=&#8220;dark&#8220; text_align=&#8220;left&#8220; row_border_radius=&#8220;none&#8220; row_border_radius_applies=&#8220;bg&#8220; overlay_strength=&#8220;0.3&#8243; gradient_direction=&#8220;left_to_right&#8220; shape_divider_position=&#8220;bottom&#8220; bg_image_animation=&#8220;none&#8220;][vc_column column_padding=&#8220;padding-15-percent&#8220; column_padding_tablet=&#8220;no-extra-padding&#8220; column_padding_phone=&#8220;no-extra-padding&#8220; column_padding_position=&#8220;left-right&#8220; background_color_opacity=&#8220;1&#8243; background_hover_color_opacity=&#8220;1&#8243; column_shadow=&#8220;none&#8220; column_border_radius=&#8220;none&#8220; column_link_target=&#8220;_self&#8220; gradient_direction=&#8220;left_to_right&#8220; overlay_strength=&#8220;0.3&#8243; width=&#8220;1\/1&#8243; tablet_width_inherit=&#8220;default&#8220; tablet_text_alignment=&#8220;default&#8220; phone_text_alignment=&#8220;default&#8220; column_border_width=&#8220;none&#8220; column_border_style=&#8220;solid&#8220; bg_image_animation=&#8220;none&#8220;][vc_column_text]\n<h3 style=\"text-align: center;\"><strong>Datenschutzrichtlinie<\/strong><\/h3>\n<p>Das Unternehmen \u201eCAYO CRETA LIMITED HOTEL AND TOURISM COMPANY\u201c mit der Gesch\u00e4ftsbezeichnung \u201eCAYO CRETA S.A.\u201c (im Folgenden \u201edas Unternehmen\u201c genannt) legt besonderen Wert auf die rechtm\u00e4\u00dfige Erhebung, Verarbeitung, Nutzung, Sicherheit und den Schutz Ihrer personenbezogenen Daten, unabh\u00e4ngig von Ihrer Identit\u00e4t, wenn Sie mit uns kommunizieren oder kooperieren, d. h. als potenzieller, gegenw\u00e4rtiger oder ehemaliger Kunde, Verbraucher, Besucher unserer Website, Mitarbeiter, Lieferant, H\u00e4ndler, Privatperson oder kooperierender Dritter.<\/p>\n<p>Das Unternehmen ist der Verantwortliche f\u00fcr die personenbezogenen Daten, die auf seiner Website (https:\/\/www.cayoresort.com) verarbeitet werden. F\u00fcr weitere Ausk\u00fcnfte stehen wir Ihnen gerne zur Verf\u00fcgung. Unsere Postanschrift lautet Plaka, Schisma, Elounta, PLZ 72053, Griechenland, Telefonnummer: +30 28410 4470 und die Email-Adresse <a href=\"mailto:dpo@cayoresort.com\">dpo@cayoresort.com<\/a> <\/p>\n<p>Bitte nehmen Sie sich etwas Zeit, um die Bedingungen der aktuellen Datenschutzrichtlinie, die sich auf die Website <a href=\"https:\/\/www.cayoresort.com\/de\/\">(https:\/\/www.cayoresort.com)<\/a> bezieht, sorgf\u00e4ltig zu lesen.<\/p>\n<ol>\n<li><strong>Die Website<\/strong><\/li>\n<\/ol>\n<p>Die Domain https:\/\/www.cayoresort.com\/ ist die Website unseres Unternehmens und bietet eine breite Palette an Informationen \u00fcber die Dienstleistungen unseres Hotels und die M\u00f6glichkeit, online zu buchen.<\/p>\n<p>&nbsp;<\/p>\n<ol start=\"2\">\n<li><strong>Welche Kategorien von personenbezogenen Daten verarbeiten wir?<\/strong><\/li>\n<\/ol>\n<p>W\u00e4hrend Ihres Besuchs auf unserer Website verarbeiten wir beispielhaft die folgenden Kategorien Ihrer personenbezogenen Daten:<\/p>\n<ul>\n<li>Grundlegende Daten einer nat\u00fcrlichen Person: vollst\u00e4ndiger Name, E-Mail, Telefonnummer, Wohnanschrift, usw.<\/li>\n<li>Daten zum Familienstand: Existenz von minderj\u00e4hrigen Kindern, Anzahl der Kinder<\/li>\n<li>Gesch\u00e4ftliche Daten: Unternehmen\/Arbeitsorganisation, Gesch\u00e4ftszweck der Reise<\/li>\n<li>Finanzielle Daten: Debitkartennummer, Angaben zum Beg\u00fcnstigten<\/li>\n<li>Pr\u00e4ferenzen und Kommentare, die Sie im Rahmen Ihrer Online-Buchung \u00fcbermitteln<\/li>\n<li>Buchungs- und Besuchsdaten in unserem Hotel<\/li>\n<li>Daten, die durch Cookies gesammelt werden, die auf unserer Website installiert sind und \u00fcber die Sie informiert werden <a href=\"https:\/\/www.cayoresort.com\/de\/cookie-richtlinie\/\">k\u00f6nnen<\/a><\/li>\n<li>Ihre IP-Adresse, wenn Sie unsere Newsletter \u00fcber die Plattform des Unternehmens Revinate erhalten m\u00f6chten<\/li>\n<\/ul>\n<p>Wir erheben die oben genannten Daten, wenn Sie das Formular \u201eJetzt buchen\u201c ausf\u00fcllen, das Anmeldeformular f\u00fcr den \u201eCayo Exclusive Resort  Spa &#8211; Loyalty Club\u201c und auch, wenn Sie das Anmeldeformular f\u00fcr unsere Newsletter-Liste ausf\u00fcllen, wie oben erw\u00e4hnt.<\/p>\n<p>Wir erheben keine besonderen Kategorien personenbezogener Daten (rassische oder ethnische Herkunft, politische, religi\u00f6se oder philosophische \u00dcberzeugungen, Mitgliedschaft in Gewerkschaften sowie die Verarbeitung von genetischen Daten, biometrischen Daten zur eindeutigen Identifizierung einer Person, Daten \u00fcber die Gesundheit oder Daten \u00fcber das Sexualleben einer Person oder die genetische Orientierung). Wir empfehlen Ihnen daher dringend, von der \u00dcbermittlung von Daten dieser Kategorie abzusehen und informieren Sie dar\u00fcber, dass unser Unternehmen diese Daten im Falle des Versands unverz\u00fcglich l\u00f6schen wird. <\/p>\n<p>&nbsp;<\/p>\n<ol start=\"3\">\n<li><strong>Zweck der Verarbeitung von personenbezogenen Daten<\/strong><\/li>\n<\/ol>\n<p>Das Unternehmen und die nach seinen Anweisungen und in seinem Namen handelnden Personen\/Verarbeiter der Daten verarbeiten diese ausschlie\u00dflich f\u00fcr die folgenden Zwecke:<\/p>\n<ol>\n<li>Zum Abschluss des Online-Buchungsvorgangs \u00fcber das Formular \u201eJetzt buchen\u201c oder<\/li>\n<li>f\u00fcr die Verwaltung des \u201eCayo Exclusive Resort  Spa &#8211; Loyalty Club\u201c und die Bereitstellung der Privilegien, die sich aus Ihrer Registrierung ergeben, oder<\/li>\n<li>zur Zusendung unseres Newsletters, der Informationen \u00fcber die Dienstleistungen unseres Hotels enth\u00e4lt, oder<\/li>\n<li>zur Verbesserung der Funktionsweise unserer Website und Ihrer Navigation auf ihr, indem wir <a href=\"https:\/\/www.cayoresort.com\/de\/cookie-richtlinie\/\">Cookies verwenden.<\/a> <\/li>\n<\/ol>\n<p>Die Daten werden ausschlie\u00dflich zu den oben genannten Zwecken oder in bestimmten F\u00e4llen zum Zweck der Einhaltung von Gesetzen\/Rechtsvorschriften durch unser Unternehmen oder zur Unterst\u00fctzung von Rechtsanspr\u00fcchen verarbeitet.<\/p>\n<p>Die Daten werden ausschlie\u00dflich zu den oben genannten Zwecken oder in bestimmten F\u00e4llen zum Zweck der Einhaltung von Gesetzen\/Rechtsvorschriften durch unser Unternehmen oder zur Unterst\u00fctzung von Rechtsanspr\u00fcchen verarbeitet.<\/p>\n<p>&nbsp;<\/p>\n<ol start=\"4\">\n<li><strong>Rechtsgrundlage f\u00fcr die Verarbeitung<\/strong><\/li>\n<\/ol>\n<p>Die Verarbeitung Ihrer personenbezogenen Daten, die das Unternehmen erh\u00e4lt, wenn Sie das Formular \u201eJetzt buchen\u201c ausf\u00fcllen, ist f\u00fcr die Erf\u00fcllung des zwischen Ihnen und uns geschlossenen Dienstleistungsvertrags erforderlich oder um auf Ihren Wunsch hin vor dem Abschluss eines Dienstleistungsvertrags Schritte zu unternehmen.<\/p>\n<p>Wenn Sie sich in unsere Newsletter-Empf\u00e4ngerliste eintragen, verarbeiten wir Ihre personenbezogenen Daten auf der Grundlage Ihrer ausdr\u00fccklichen Einwilligung f\u00fcr diesen speziellen Verarbeitungszweck.<\/p>\n<p>Wenn Sie sich f\u00fcr den Mitgliederclub \u201eCayo Exclusive Resort  Spa \u2013 Loyalty Club\u201c anmelden, verarbeiten wir Ihre personenbezogenen Daten, die sich auf Ihre fr\u00fcheren Reservierungen beziehen, auf der Grundlage Ihrer ausdr\u00fccklichen Zustimmung.<\/p>\n<p>Was die personenbezogenen Daten anbelangt, die wir von den auf unserer Website installierten Cookies erhalten, so beruht die Verarbeitung auf Ihrer ausdr\u00fccklichen Zustimmung.<\/p>\n<p>&nbsp;<\/p>\n<ol start=\"5\">\n<li><strong>Wer hat Zugriff auf die personenbezogenen Daten?<\/strong><\/li>\n<\/ol>\n<p>Zugriff auf Ihre personenbezogenen Daten haben ausschlie\u00dflich die jeweils erforderlichen Mitarbeiter des Unternehmens, die die erforderlichen Informationen f\u00fcr die sichere Verarbeitung Ihrer personenbezogenen Daten erhalten haben.<\/p>\n<p>Dar\u00fcber hinaus k\u00f6nnen die Unternehmen und Einzelpersonen, die mit uns zusammenarbeiten (Verarbeiter), Zugang zu Ihren personenbezogenen Daten haben, wenn ihnen vom Unternehmen eine bestimmte Verarbeitung \u00fcbertragen wurde. So werden Ihre personenbezogenen Daten von dem IT-Unternehmen verarbeitet, das unsere Website betreut, sowie von dem Marketingunternehmen, das mit der Verwaltung und dem Versand unseres Newsletters beauftragt ist. Einige Werbeaktivit\u00e4ten werden \u00fcber die Plattform des Unternehmens Revinate (www.revinate.com) durchgef\u00fchrt. Die Verarbeitung der personenbezogenen Daten durch die Auftragsverarbeiter erfolgt auf ausdr\u00fcckliche Anweisung des Unternehmens und nachdem sichergestellt ist, dass alle erforderlichen technischen und organisatorischen Ma\u00dfnahmen getroffen wurden.   <\/p>\n<p>Dritte, die Zugriff auf Ihre Daten haben k\u00f6nnen, sind offizielle Regierungs- und Aufsichtsbeh\u00f6rden (z.B. Strafverfolgungsbeh\u00f6rden, Aufsichtsbeh\u00f6rden usw.), wenn wir zur Einhaltung von Gesetzen verpflichtet sind, wenn die \u00dcbermittlung aus wichtigen Gr\u00fcnden des \u00f6ffentlichen Interesses sowie zur Begr\u00fcndung, Aus\u00fcbung oder Unterst\u00fctzung von Rechtsanspr\u00fcchen f\u00fcr notwendig erachtet wird.<\/p>\n<p>&nbsp;<\/p>\n<ol start=\"6\">\n<li><strong>\u00dcbermittlung personenbezogener Daten in Drittl\u00e4nder<\/strong><\/li>\n<\/ol>\n<p>Ihre personenbezogenen Daten, die von CAYO CRETA S.A. selbst verarbeitet werden, werden nur innerhalb der EAA verarbeitet und gespeichert. Wenn Sie unser Hotel \u00fcber die Dienste unserer Partner buchen, bitten wir Sie, die Datenschutzrichtlinien der jeweiligen Dienste zu pr\u00fcfen. Die Datenschutzrichtlinien von webhotelier finden Sie hier. [https:\/\/cayoresort.reserve-online.net\/privacy-policy ] F\u00fcr die Datenschutzbestimmungen von Revinate klicken Sie bitte hier    [https:\/\/www .revinate.com\/gdpr \/]\n<p>&nbsp;<\/p>\n<ol start=\"7\">\n<li><strong>Treffen wir bei der Verarbeitung Ihrer Daten automatisierte Entscheidungen\/einschlie\u00dflich Profiling?<\/strong><\/li>\n<\/ol>\n<p>Durch Ihre ausdr\u00fcckliche Zustimmung nehmen Sie am \u201eCayo Exclusive Resort Spa \u2013 Loyalty Club\u201c teil. In diesem Fall verarbeiten wir Ihre personenbezogenen Daten, die sich auf Ihre fr\u00fcheren Reservierungen in unserem Hotel beziehen. Diese Verarbeitung erfolgt, um Ihnen je nach der Kategorie (Silber, Gold, Platin), in die Sie als Mitglied unseres Loyalty Clubs automatisch eingestuft werden, weitere Privilegien wie Rabatte und zus\u00e4tzliche Vorteile zu gew\u00e4hren. <\/p>\n<p>Diese Verarbeitung stellt eine automatisierte individuelle Entscheidungsfindung dar, einschlie\u00dflich Profiling auf der Grundlage Ihrer ausdr\u00fccklichen Zustimmung, die hier widerrufen werden kann.<\/p>\n<p>&nbsp;<\/p>\n<ol start=\"8\">\n<li><strong>Der Zeitraum, in dem wir Ihre Daten aufbewahren<\/strong><\/li>\n<\/ol>\n<p>Ihre personenbezogenen Daten werden nur f\u00fcr den angemessenen Zeitraum aufbewahrt, der durch die Art der Verarbeitung, die Erf\u00fcllung unserer gesetzlichen Verpflichtung zur Speicherung Ihrer Daten und die m\u00f6gliche Unterst\u00fctzung unserer Rechtsanspr\u00fcche erforderlich ist. In jedem Fall werden Ihre Daten nicht l\u00e4nger als 2 (zwei) Jahre aufbewahrt. <\/p>\n<p>&nbsp;<\/p>\n<ol start=\"9\">\n<li><strong>Verbindung mit anderen Websites<\/strong><\/li>\n<\/ol>\n<p>Die m\u00f6gliche Verbindung der vorliegenden Website mit anderen Websites Dritter durch Links, Hyperlinks, Banner f\u00fchrt zu keiner Haftung seitens des Unternehmens f\u00fcr den Inhalt dieser Websites, die Qualit\u00e4t der dort beworbenen Produkte und Dienstleistungen oder die dort angewandte Politik zum Schutz und zur Verarbeitung personenbezogener Daten. Die nat\u00fcrliche Person sollte die notwendige Aufmerksamkeit aufbringen und sich \u00fcber den Schutz und die Verarbeitung ihrer personenbezogenen Daten auf den oben genannten Websites informieren, indem sie deren jeweilige Datenschutzrichtlinien liest. <\/p>\n<p>&nbsp;<\/p>\n<ol start=\"10\">\n<li><strong>Die Sicherheit Ihrer Daten<\/strong><\/li>\n<\/ol>\n<p>Wir verpflichten uns, Ihre personenbezogenen Daten zu sch\u00fctzen, indem wir alle geeigneten organisatorischen und technischen Ma\u00dfnahmen ergreifen, um sie zu sichern und vor jeder Form der versehentlichen oder betr\u00fcgerischen Verarbeitung zu sch\u00fctzen. Es ist zu erw\u00e4hnen, dass unsere speziell autorisierten Mitarbeiter, die Ihre personenbezogenen Daten verarbeiten, die entsprechenden Anleitungen und Informationen erhalten haben. <\/p>\n<p>Die Ma\u00dfnahmen, die wir erhalten, werden \u00fcberpr\u00fcft und ge\u00e4ndert, wenn dies f\u00fcr notwendig erachtet wird.<\/p>\n<p>&nbsp;<\/p>\n<ol start=\"11\">\n<li><strong>Was sind Ihre Rechte?<\/strong><\/li>\n<\/ol>\n<p>Als Inhaber der Daten haben Sie die folgenden Rechte:<\/p>\n<p>&nbsp;<\/p>\n<ol>\n<li><u>Sie haben das Recht auf Zugang zu Ihren personenbezogenen Daten.<\/u><\/li>\n<\/ol>\n<p>Das hei\u00dft, Sie haben das Recht, von uns dar\u00fcber informiert zu werden, ob wir Ihre Daten verarbeiten. Wenn wir Ihre Daten verarbeiten, k\u00f6nnen Sie verlangen, \u00fcber den Zweck der Verarbeitung, die Art der von uns aufbewahrten Informationen, die Empf\u00e4nger, die Aufbewahrungsfristen, ob wir eine automatisierte Entscheidungsfindung durchf\u00fchren, sowie \u00fcber Ihre anderen Rechte wie Berichtigung, L\u00f6schung und Einschr\u00e4nkung der Verarbeitung informiert zu werden und eine Beschwerde bei der Griechischen Datenschutzbeh\u00f6rde einzureichen. <\/p>\n<p>&nbsp;<\/p>\n<ol start=\"2\">\n<li><u>Sie haben das Recht, Ihre unrichtigen personenbezogenen Daten zu berichtigen.<\/u><\/li>\n<\/ol>\n<p>Wenn Sie feststellen, dass Ihre Daten unrichtig sind, k\u00f6nnen Sie uns auffordern, diese zu berichtigen (Korrektur einer falschen oder fr\u00fcheren Telefonnummer\/Adresse usw.).<\/p>\n<p>&nbsp;<\/p>\n<ol start=\"3\">\n<li><u>Sie haben das Recht auf L\u00f6schung Ihrer Daten \/ Recht auf Vergessenwerden.<\/u><\/li>\n<\/ol>\n<p>Sie k\u00f6nnen von uns die L\u00f6schung Ihrer personenbezogenen Daten verlangen, wenn diese f\u00fcr die oben genannten Zwecke nicht erforderlich sind oder wenn Sie Ihre Zustimmung zur\u00fcckziehen m\u00f6chten, falls dies die einzige rechtm\u00e4\u00dfige Grundlage f\u00fcr die Verarbeitung ist.<\/p>\n<p>&nbsp;<\/p>\n<ol start=\"4\">\n<li><u>Sie haben das Recht auf Daten\u00fcbertragbarkeit.<\/u><\/li>\n<\/ol>\n<p>Sie k\u00f6nnen von uns verlangen, Ihre personenbezogenen Daten, die Sie uns zur Verf\u00fcgung gestellt haben, in einem lesbaren Format zu erhalten, oder Sie k\u00f6nnen von uns verlangen, dass wir Ihre Informationen an einen anderen Datenverantwortlichen weitergeben.<\/p>\n<p>&nbsp;<\/p>\n<ol start=\"5\">\n<li><u>Sie haben das Recht, die Verarbeitung Ihrer personenbezogenen Daten einzuschr\u00e4nken.<\/u><\/li>\n<\/ol>\n<p>Sie k\u00f6nnen von uns verlangen, die Verarbeitung Ihrer personenbezogenen Daten so lange einzuschr\u00e4nken, wie die Pr\u00fcfung Ihrer Einw\u00e4nde anh\u00e4ngig ist.<\/p>\n<p>&nbsp;<\/p>\n<ol start=\"6\">\n<li><u>Sie haben das Recht, der Verarbeitung Ihrer personenbezogenen Daten zu widersprechen.<\/u><\/li>\n<\/ol>\n<p>Sie k\u00f6nnen gegen die Verarbeitung Ihrer personenbezogenen Daten Widerspruch einlegen, wenn wir diese auf der Rechtsgrundlage unseres berechtigten Interesses verarbeiten. In diesem Fall werden wir Ihre personenbezogenen Daten nicht mehr verarbeiten, es sei denn, wir haben zwingende berechtigte Gr\u00fcnde f\u00fcr die Verarbeitung, die Ihre Rechte \u00fcberwiegen. <\/p>\n<p>&nbsp;<\/p>\n<ol start=\"7\">\n<li><u>Sie haben das Recht, Ihre Zustimmung zu widerrufen.<\/u><\/li>\n<\/ol>\n<p>Sie haben das Recht, Ihre Zustimmung jederzeit zu widerrufen, wenn die Verarbeitung auf dieser Rechtsgrundlage beruht.<\/p>\n<p>&nbsp;<\/p>\n<ol start=\"12\">\n<li>Wie k\u00f6nnen Sie Ihre Rechte aus\u00fcben?<\/li>\n<\/ol>\n<p>&nbsp;<\/p>\n<ul>\n<li>Wenn Sie weitere Informationen \u00fcber die Verarbeitung Ihrer personenbezogenen Daten erhalten oder Ihre Rechte aus\u00fcben bzw. Ihre erteilte Einwilligung widerrufen m\u00f6chten, k\u00f6nnen Sie sich an das Unternehmen unter der E-Mail-Adresse <a href=\"mailto:dpo@cayoresort.com\">dpo@cayoresort.com<\/a>oder einen Brief an die oben genannte Postanschrift (Plaka, Schisma Elounda, Kreta, Postleitzahl 72053) mit dem Vermerk \u201eF\u00fcr den Datenschutzbeauftragten\u201c und einer Beschreibung Ihres Anliegens senden. Wir werden Ihre Anfrage so schnell wie m\u00f6glich pr\u00fcfen und beantworten.<\/li>\n<li>Wir werden Ihre Anfrage unverz\u00fcglich, innerhalb von (1) einem Monat nach Erhalt und ohne Kosten f\u00fcr Sie beantworten. Die oben genannte Frist kann aufgrund der Komplexit\u00e4t oder der Anzahl der Anfragen um zwei (2) weitere Monate verl\u00e4ngert werden. In einem solchen Fall werden Sie so schnell wie m\u00f6glich und in jedem Fall innerhalb von (1) einem Monat nach Erhalt Ihrer Anfrage \u00fcber die Fristverl\u00e4ngerung und die Gr\u00fcnde daf\u00fcr informiert.  <\/li>\n<li>Wenn Ihre Anfragen offensichtlich unbegr\u00fcndet oder \u00fcbertrieben sind, insbesondere aufgrund ihrer wiederkehrenden Natur, kann das Unternehmen eine angemessene Geb\u00fchr erheben, die die Verwaltungskosten f\u00fcr die Bereitstellung von Informationen oder die Durchf\u00fchrung der angeforderten Ma\u00dfnahme ber\u00fccksichtigt, oder die Beantwortung der Anfrage mit der Begr\u00fcndung ablehnen, dass die Antwort an Sie gerechtfertigt ist.<\/li>\n<li>Falls Sie der Meinung sind, dass: a. Ihrer Anfrage nicht ausreichend und rechtm\u00e4\u00dfig entsprochen wurde oder b. Ihr Recht auf den Schutz Ihrer personenbezogenen Daten durch unser Verfahren verletzt wurde, haben Sie das Recht, eine Beschwerde bei der Aufsichtsbeh\u00f6rde einzureichen (Adresse: Kifissias 1-3, Athen, Griechenland, Postleitzahl: 115 23, Telefonnummer: +30 210 6475600, E-Mail-Adresse: contact@dpa.gr)  <\/li>\n<\/ul>\n<p>&nbsp;<\/p>\n<ol start=\"13\">\n<li><strong>\u00c4nderung unserer Richtlinie<\/strong><\/li>\n<\/ol>\n<p>Wir werden diese Richtlinie aktualisieren, wann immer wir dies f\u00fcr notwendig erachten. Wenn es wesentliche \u00c4nderungen an der Richtlinie oder der Art und Weise, wie wir Ihre personenbezogenen Daten verwenden, gibt, werden wir Sie entweder durch Ver\u00f6ffentlichung dieser \u00c4nderungen an einer sichtbaren Stelle auf unserer Website, bevor die \u00c4nderungen in Kraft treten, oder auf eine andere geeignete Weise informieren. Wir empfehlen Ihnen, diese Richtlinie regelm\u00e4\u00dfig zu lesen, damit Sie \u00fcber die Art und Weise, wie Ihre Daten gesch\u00fctzt werden, informiert sind. Die letzte \u00c4nderung unserer Richtlinie wurde am 16.10.2020 vorgenommen.   <\/p>\n[\/vc_column_text][\/vc_column][\/vc_row]\n","protected":false},"excerpt":{"rendered":"<p>[vc_row type=&#8220;in_container&#8220; full_screen_row_position=&#8220;middle&#8220; column_margin=&#8220;default&#8220; column_direction=&#8220;default&#8220; column_direction_tablet=&#8220;default&#8220; column_direction_phone=&#8220;default&#8220; scene_position=&#8220;center&#8220; text_color=&#8220;dark&#8220; text_align=&#8220;left&#8220; row_border_radius=&#8220;none&#8220; row_border_radius_applies=&#8220;bg&#8220; overlay_strength=&#8220;0.3&#8243; gradient_direction=&#8220;left_to_right&#8220; shape_divider_position=&#8220;bottom&#8220; bg_image_animation=&#8220;none&#8220;][vc_column column_padding=&#8220;padding-15-percent&#8220; column_padding_tablet=&#8220;no-extra-padding&#8220; column_padding_phone=&#8220;no-extra-padding&#8220; column_padding_position=&#8220;left-right&#8220; background_color_opacity=&#8220;1&#8243; background_hover_color_opacity=&#8220;1&#8243; column_shadow=&#8220;none&#8220; column_border_radius=&#8220;none&#8220; column_link_target=&#8220;_self&#8220; gradient_direction=&#8220;left_to_right&#8220; overlay_strength=&#8220;0.3&#8243; width=&#8220;1\/1&#8243; tablet_width_inherit=&#8220;default&#8220; tablet_text_alignment=&#8220;default&#8220;&#8230;<\/p>\n","protected":false},"author":1,"featured_media":0,"parent":0,"menu_order":0,"comment_status":"closed","ping_status":"closed","template":"","meta":{"footnotes":""},"class_list":["post-2814","page","type-page","status-publish"],"_links":{"self":[{"href":"https:\/\/www.cayoresort.com\/de\/wp-json\/wp\/v2\/pages\/2814","targetHints":{"allow":["GET"]}}],"collection":[{"href":"https:\/\/www.cayoresort.com\/de\/wp-json\/wp\/v2\/pages"}],"about":[{"href":"https:\/\/www.cayoresort.com\/de\/wp-json\/wp\/v2\/types\/page"}],"author":[{"embeddable":true,"href":"https:\/\/www.cayoresort.com\/de\/wp-json\/wp\/v2\/users\/1"}],"replies":[{"embeddable":true,"href":"https:\/\/www.cayoresort.com\/de\/wp-json\/wp\/v2\/comments?post=2814"}],"version-history":[{"count":3,"href":"https:\/\/www.cayoresort.com\/de\/wp-json\/wp\/v2\/pages\/2814\/revisions"}],"predecessor-version":[{"id":3223,"href":"https:\/\/www.cayoresort.com\/de\/wp-json\/wp\/v2\/pages\/2814\/revisions\/3223"}],"wp:attachment":[{"href":"https:\/\/www.cayoresort.com\/de\/wp-json\/wp\/v2\/media?parent=2814"}],"curies":[{"name":"wp","href":"https:\/\/api.w.org\/{rel}","templated":true}]}}