{"id":2796,"date":"2024-03-17T15:32:32","date_gmt":"2024-03-17T15:32:32","guid":{"rendered":"https:\/\/www.cayoresort.com\/cookie-richtlinie\/"},"modified":"2024-09-11T07:33:47","modified_gmt":"2024-09-11T07:33:47","slug":"cookie-richtlinie","status":"publish","type":"page","link":"https:\/\/www.cayoresort.com\/de\/cookie-richtlinie\/","title":{"rendered":"Cookie-Richtlinie"},"content":{"rendered":"[vc_row type=&#8220;in_container&#8220; full_screen_row_position=&#8220;middle&#8220; column_margin=&#8220;default&#8220; column_direction=&#8220;default&#8220; column_direction_tablet=&#8220;default&#8220; column_direction_phone=&#8220;default&#8220; scene_position=&#8220;center&#8220; top_padding=&#8220;40&#8243; text_color=&#8220;dark&#8220; text_align=&#8220;left&#8220; row_border_radius=&#8220;none&#8220; row_border_radius_applies=&#8220;bg&#8220; overlay_strength=&#8220;0.3&#8243; gradient_direction=&#8220;left_to_right&#8220; shape_divider_position=&#8220;bottom&#8220; bg_image_animation=&#8220;none&#8220; shape_type=&#8220;&#8220;][vc_column column_padding=&#8220;no-extra-padding&#8220; column_padding_tablet=&#8220;inherit&#8220; column_padding_phone=&#8220;inherit&#8220; column_padding_position=&#8220;all&#8220; background_color_opacity=&#8220;1&#8243; background_hover_color_opacity=&#8220;1&#8243; column_shadow=&#8220;none&#8220; column_border_radius=&#8220;none&#8220; column_link_target=&#8220;_self&#8220; gradient_direction=&#8220;left_to_right&#8220; overlay_strength=&#8220;0.3&#8243; width=&#8220;1\/1&#8243; tablet_width_inherit=&#8220;default&#8220; tablet_text_alignment=&#8220;default&#8220; phone_text_alignment=&#8220;default&#8220; column_border_width=&#8220;none&#8220; column_border_style=&#8220;solid&#8220; bg_image_animation=&#8220;none&#8220;][vc_column_text]<strong>COOKIE-RICHTLINIE<\/strong><\/p>\n<p>Ein Cookie ist ein kleiner Datensatz, den die Website Ihren Browser auffordert, auf Ihrem Computer oder Mobilger\u00e4t zu speichern, wenn Sie unsere Website besuchen. Das Cookie erm\u00f6glicht es der Website, sich Ihre Aktionen oder Pr\u00e4ferenzen \u00fcber einen bestimmten Zeitraum zu \u201emerken\u201c, so dass Sie diese Pr\u00e4ferenzen nicht jedes Mal neu eingeben m\u00fcssen, wenn Sie die Website besuchen oder durch die Seiten bl\u00e4ttern. Cookies sammeln Informationen, und wenn sie von einem Server \u00fcber einen Internetbrowser gelesen werden, k\u00f6nnen sie Informationen \u00fcber die Nutzung der Website liefern.<\/p>\n<p><strong>Der Datenverantwortliche<\/strong><\/p>\n<p>Das Unternehmen mit beschr\u00e4nkter Haftung \u201eCAYO CRETA LIMITED HOTEL AND TOURISM COMPANY\u201c mit der Gesch\u00e4ftsbezeichnung \u201eCAYO CRETA S.A.\u201c ist der Inhaber der Daten, die durch die Cookies auf dieser Website <a href=\"https:\/\/www.cayoresort.com\/de\/\">https:\/\/www.cayoresort.com\/ verarbeitet werden.<\/a> Weitere Informationen \u00fcber die Verarbeitung Ihrer personenbezogenen Daten finden Sie in der <a href=\"https:\/\/www.cayoresort.com\/de\/datenschutzrichtlinie\/\">Datenschutzrichtlinie unserer Website hier.<\/a><\/p>\n<p>Welche Art von Cookies werden auf der Website <a href=\"https:\/\/www.cayoresort.com\/de\/\">https:\/\/www.cayoresort.com\/ verwendet<\/a>?<\/p>\n<p>Unsere Website https:\/\/www.cayoresort.com\/ verwendet Persistent- und Session-Cookies.<\/p>\n<ul>\n<li><em>Die Session-Cookies: <\/em>werden nach Beendigung Ihres Besuchs auf unserer Website oder\/und nach dem Schlie\u00dfen Ihres Webbrowsers gel\u00f6scht.<\/li>\n<li><em>Die Persistent-Cookies:<\/em> verbleiben auf Ihrem Computer oder Ihrem Ger\u00e4t, entweder bis zu dem Zeitpunkt, an dem Sie sich entscheiden, sie zu l\u00f6schen, oder f\u00fcr eine voreingestellte Zeit.<\/li>\n<\/ul>\n<p>Wenn Sie unsere Website nutzen, setzen unsere Partner Google und Facebook au\u00dferdem Cookies von Dritten, um Informationen zu sammeln, w\u00e4hrend Sie mit unserer Website interagieren.<\/p>\n<p>Welche Cookies verwendet unsere Website und welche Informationen sammeln die Cookies?<\/p>\n<p>Unsere Website <a href=\"https:\/\/www.cayoresort.com\/de\/\">https:\/\/www.cayoresort.com\/<\/a> verwendet Cookies f\u00fcr verschiedene Zwecke, je nach ihrer Funktion:<\/p>\n<p><em>Streng notwendige Cookies &#8211; Grundlegende Cookies: <\/em>Diese Cookies sind f\u00fcr die ordnungsgem\u00e4\u00dfe Funktion der Website unerl\u00e4sslich. Sie erm\u00f6glichen es Ihnen, auf der Website zu surfen und deren Funktionen zu nutzen, und sie gew\u00e4hrleisten eine effektive Nutzung unserer Website. Diese Cookies k\u00f6nnen Sie nicht identifizieren. Ohne diese Cookies sind wir nicht in der Lage, Ihnen die effiziente Funktion unserer Website zu bieten.<\/p>\n<p><em>Funktions-Cookies: <\/em>Diese Cookies helfen der Website, sich an Ihre Auswahl zu erinnern, z. B. an Ihren Benutzernamen. So k\u00f6nnen wir Ihnen verbesserte und ma\u00dfgeschneiderte Funktionen anbieten. Au\u00dferdem helfen sie bei der Bereitstellung von Diensten, die Sie anfordern, wie z.B. das Anzeigen eines Videos oder die Nutzung sozialer Medien. Sie erm\u00f6glichen es uns nicht, Ihre Aktivit\u00e4ten auf anderen Websites zu \u00fcberwachen.<\/p>\n<p><em>Pr\u00e4ferenz-Cookies:<\/em> Diese Cookies erm\u00f6glichen es unserer Website, Informationen zu speichern, die das Verhalten oder die Darstellung unserer Website w\u00e4hrend Ihres Aufenthalts auf ihr beeinflussen, z.B. die bevorzugte Sprache oder den Bereich der Website, den Sie besuchen.<\/p>\n<p><em>Statistik-Cookies:<\/em> Wir verwenden Cookies, um Informationen \u00fcber die Zeit und die Art und Weise zu sammeln, mit der Besucher mit unserer Website interagieren, sowie f\u00fcr die angebotenen Dienstleistungen.<\/p>\n<p><em>Werbe-Cookies:<\/em> Diese Cookies werden verwendet, um die Bewegungen des Benutzers auf den Websites zu erkennen und um ma\u00dfgeschneiderte Werbung zu zeigen, die den Benutzer interessiert; so hat die Werbung einen gr\u00f6\u00dferen Wert f\u00fcr die Herausgeber und die Drittanbieter.<\/p>\n<p>Diese Website verwendet Cookies. Wir verwenden Cookies, um Inhalte und Anzeigen zu personalisieren, um Funktionen f\u00fcr soziale Medien bereitzustellen und um unseren Datenverkehr zu analysieren. Wir geben auch Informationen \u00fcber Ihre Nutzung unserer Website an unsere Partner f\u00fcr soziale Medien, Werbung und Analysen weiter, die diese mit anderen Informationen kombinieren k\u00f6nnen, die Sie ihnen zur Verf\u00fcgung gestellt haben oder die sie aus Ihrer Nutzung ihrer Dienste gesammelt haben.[\/vc_column_text][\/vc_column][\/vc_row][vc_row type=&#8220;in_container&#8220; full_screen_row_position=&#8220;middle&#8220; column_margin=&#8220;default&#8220; column_direction=&#8220;default&#8220; column_direction_tablet=&#8220;default&#8220; column_direction_phone=&#8220;default&#8220; scene_position=&#8220;center&#8220; text_color=&#8220;dark&#8220; text_align=&#8220;left&#8220; row_border_radius=&#8220;none&#8220; row_border_radius_applies=&#8220;bg&#8220; overlay_strength=&#8220;0.3&#8243; gradient_direction=&#8220;left_to_right&#8220; shape_divider_position=&#8220;bottom&#8220; bg_image_animation=&#8220;none&#8220;][vc_column column_padding=&#8220;no-extra-padding&#8220; column_padding_tablet=&#8220;inherit&#8220; column_padding_phone=&#8220;inherit&#8220; column_padding_position=&#8220;all&#8220; background_color_opacity=&#8220;1&#8243; background_hover_color_opacity=&#8220;1&#8243; column_shadow=&#8220;none&#8220; column_border_radius=&#8220;none&#8220; column_link_target=&#8220;_self&#8220; gradient_direction=&#8220;left_to_right&#8220; overlay_strength=&#8220;0.3&#8243; width=&#8220;1\/1&#8243; tablet_width_inherit=&#8220;default&#8220; tablet_text_alignment=&#8220;default&#8220; phone_text_alignment=&#8220;default&#8220; column_border_width=&#8220;none&#8220; column_border_style=&#8220;solid&#8220; bg_image_animation=&#8220;none&#8220;][vc_raw_js]JTNDc2NyaXB0JTIwaWQlM0QlMjJDb29raWVib3QlMjIlMjBkYXRhLWN1bHR1cmUlM0QlMjJlbiUyMiUyMHNyYyUzRCUyMmh0dHBzJTNBJTJGJTJGY29uc2VudC5jb29raWVib3QuY29tJTJGMmY5MjI1MDAtYWE0NC00MGQwLTk5NWEtMDdiYjY1YjI3NWVmJTJGY2QuanMlMjIlMjB0eXBlJTNEJTIydGV4dCUyRmphdmFzY3JpcHQlMjIlM0UlM0MlMkZzY3JpcHQlM0UlMEElMEE=[\/vc_raw_js][\/vc_column][\/vc_row][vc_row type=&#8220;in_container&#8220; full_screen_row_position=&#8220;middle&#8220; column_margin=&#8220;default&#8220; column_direction=&#8220;default&#8220; column_direction_tablet=&#8220;default&#8220; column_direction_phone=&#8220;default&#8220; scene_position=&#8220;center&#8220; bottom_padding=&#8220;50&#8243; text_color=&#8220;dark&#8220; text_align=&#8220;left&#8220; row_border_radius=&#8220;none&#8220; row_border_radius_applies=&#8220;bg&#8220; overlay_strength=&#8220;0.3&#8243; gradient_direction=&#8220;left_to_right&#8220; shape_divider_position=&#8220;bottom&#8220; bg_image_animation=&#8220;none&#8220; shape_type=&#8220;&#8220;][vc_column column_padding=&#8220;no-extra-padding&#8220; column_padding_tablet=&#8220;inherit&#8220; column_padding_phone=&#8220;inherit&#8220; column_padding_position=&#8220;all&#8220; background_color_opacity=&#8220;1&#8243; background_hover_color_opacity=&#8220;1&#8243; column_shadow=&#8220;none&#8220; column_border_radius=&#8220;none&#8220; column_link_target=&#8220;_self&#8220; gradient_direction=&#8220;left_to_right&#8220; overlay_strength=&#8220;0.3&#8243; width=&#8220;1\/1&#8243; tablet_width_inherit=&#8220;default&#8220; tablet_text_alignment=&#8220;default&#8220; phone_text_alignment=&#8220;default&#8220; column_border_width=&#8220;none&#8220; column_border_style=&#8220;solid&#8220; bg_image_animation=&#8220;none&#8220;][vc_column_text]Wie verwalten Sie Cookies?<\/p>\n<p>Cookies werden auf Ihrem Computer oder Ger\u00e4t gespeichert, nachdem Sie unsere Datenschutzrichtlinie zur Kenntnis genommen und Ihre Zustimmung zu jedem einzelnen Cookie gegeben haben, mit Ausnahme der Cookies, die notwendig sind und keine ausdr\u00fcckliche Zustimmung erfordern. Wenn Sie die Cookies oder bestimmte Kategorien von Cookies nicht akzeptieren, stehen Ihnen m\u00f6glicherweise einige Funktionen unserer Website nicht zur Verf\u00fcgung, aber in keinem Fall werden Sie an der Nutzung unserer Website gehindert.<\/p>\n<p>Es liegt in Ihrem Ermessen, Ihre Zustimmung zu widerrufen oder die Verwendung von Cookies auf Ihrem Computer oder Ger\u00e4t abzulehnen, wann immer Sie m\u00f6chten, Cookies zu \u00fcberpr\u00fcfen oder\/und zu l\u00f6schen.<\/p>\n<ul>\n<li>Wenn Sie auf \u201eCookies\u201c klicken, k\u00f6nnen Sie w\u00e4hlen, welche Art von Cookies Sie auf unserer Website verwenden m\u00f6chten. Sie k\u00f6nnen Ihre Einstellungen jederzeit \u00e4ndern. Auf dem Men\u00fcbefehl Cookies-Einstellungen finden Sie eine Liste aller Cookies in Kategorien (Notwendig, Analytik, Funktionalit\u00e4t, Einstellungen, Statistik, Werbung)  <\/li>\n<li>Beachten Sie, dass die Verwendung der Cookies-Einstellungen auf unserer Website nicht bedeutet, dass bereits installierte Cookies gel\u00f6scht werden. Sie k\u00f6nnen Cookies auf dem von Ihnen verwendeten Computer oder Ger\u00e4t jederzeit l\u00f6schen, indem Sie dem folgenden Link folgen. Auf diese Weise k\u00f6nnen Sie Ihre Zustimmung zur Verwendung von Cookies auf Ihrem Computer oder Ger\u00e4t widerrufen.\n<ul>\n<li>Internet Explorer: https:\/\/support.microsoft.com\/en-us\/help\/17442\/windows-internet-explorer-delete-manage-cookies<\/li>\n<li>Mozilla Firefox: http:\/\/support.mozilla.com\/en-US\/kb\/Cookies<\/li>\n<li>Google Chrome: http:\/\/www.google.com\/support\/chrome\/bin\/answer.py?hl=enanswer=95647<\/li>\n<li>Safari: http:\/\/support.apple.com\/kb\/PH5042<\/li>\n<li>Opera: http:\/\/www.opera.com\/help\/tutorials\/security\/privacy\/<\/li>\n<li>Adobe (flash cookies): https:\/\/www.adobe.com\/support\/flash\/downloads.html<\/li>\n<\/ul>\n<\/li>\n<li>Sie k\u00f6nnen Ihren Browser auch so konfigurieren, dass er Sie entweder warnt, wenn Cookies f\u00fcr bestimmte Webseitendienste verwendet werden, oder die Annahme dieser Cookies unter allen Umst\u00e4nden verhindert.<\/li>\n<\/ul>\n<p>Wo finden Sie weitere Informationen \u00fcber den Schutz der von Cookies erfassten Daten?<\/p>\n<p>Weitere Informationen \u00fcber den Schutz Ihrer personenbezogenen Daten sowie \u00fcber Ihre Rechte und wie Sie diese aus\u00fcben k\u00f6nnen, finden Sie in unserer Datenschutzrichtlinie f\u00fcr die Website, <a href=\"https:\/\/www.cayoresort.com\/de\/datenschutzrichtlinie\/\">hier.<\/a><\/p>\n<p>Wo finden Sie weitere Informationen \u00fcber die allgemeine Verwendung von Cookies?<\/p>\n<p>Weitere Informationen \u00fcber die allgemeine Verwendung von Cookies sowie die Methoden zum Blockieren oder Einschr\u00e4nken von Cookies finden Sie unter folgenden Links: <a href=\"http:\/\/cookiepedia.co.uk\/all-about-cookies\">http:\/\/cookiepedia.co.uk\/all-about-cookies<\/a>, <a href=\"http:\/\/www.allaboutcookies.org\/\">http:\/\/www.allaboutcookies.org.<\/a><\/p>\n<p>\u00c4nderungen an der aktuellen Cookie-Richtlinie<\/p>\n<p>Die aktuelle Cookie-Richtlinie kann jederzeit ge\u00e4ndert werden. Wir empfehlen Ihnen daher, sich regelm\u00e4\u00dfig \u00fcber die aktuelle Richtlinie zu informieren. Diese Richtlinie ist am 28.07.2020 in Kraft getreten. Im Falle einer \u00c4nderung wird das Datum angegeben, an dem sie vorgenommen wurde. Die Cookies-Richtlinie, die nach der letzten \u00c4nderung beschlossen wurde, gilt als g\u00fcltig.[\/vc_column_text][\/vc_column][\/vc_row]\n","protected":false},"excerpt":{"rendered":"<p>[vc_row type=&#8220;in_container&#8220; full_screen_row_position=&#8220;middle&#8220; column_margin=&#8220;default&#8220; column_direction=&#8220;default&#8220; column_direction_tablet=&#8220;default&#8220; column_direction_phone=&#8220;default&#8220; scene_position=&#8220;center&#8220; top_padding=&#8220;40&#8243; text_color=&#8220;dark&#8220; text_align=&#8220;left&#8220; row_border_radius=&#8220;none&#8220; row_border_radius_applies=&#8220;bg&#8220; overlay_strength=&#8220;0.3&#8243; gradient_direction=&#8220;left_to_right&#8220; shape_divider_position=&#8220;bottom&#8220; bg_image_animation=&#8220;none&#8220; shape_type=&#8220;&#8220;][vc_column column_padding=&#8220;no-extra-padding&#8220; column_padding_tablet=&#8220;inherit&#8220; column_padding_phone=&#8220;inherit&#8220; column_padding_position=&#8220;all&#8220; background_color_opacity=&#8220;1&#8243; background_hover_color_opacity=&#8220;1&#8243; column_shadow=&#8220;none&#8220; column_border_radius=&#8220;none&#8220; column_link_target=&#8220;_self&#8220; gradient_direction=&#8220;left_to_right&#8220; overlay_strength=&#8220;0.3&#8243; width=&#8220;1\/1&#8243;&#8230;<\/p>\n","protected":false},"author":1,"featured_media":0,"parent":0,"menu_order":0,"comment_status":"closed","ping_status":"closed","template":"","meta":{"footnotes":""},"class_list":["post-2796","page","type-page","status-publish"],"_links":{"self":[{"href":"https:\/\/www.cayoresort.com\/de\/wp-json\/wp\/v2\/pages\/2796","targetHints":{"allow":["GET"]}}],"collection":[{"href":"https:\/\/www.cayoresort.com\/de\/wp-json\/wp\/v2\/pages"}],"about":[{"href":"https:\/\/www.cayoresort.com\/de\/wp-json\/wp\/v2\/types\/page"}],"author":[{"embeddable":true,"href":"https:\/\/www.cayoresort.com\/de\/wp-json\/wp\/v2\/users\/1"}],"replies":[{"embeddable":true,"href":"https:\/\/www.cayoresort.com\/de\/wp-json\/wp\/v2\/comments?post=2796"}],"version-history":[{"count":8,"href":"https:\/\/www.cayoresort.com\/de\/wp-json\/wp\/v2\/pages\/2796\/revisions"}],"predecessor-version":[{"id":3247,"href":"https:\/\/www.cayoresort.com\/de\/wp-json\/wp\/v2\/pages\/2796\/revisions\/3247"}],"wp:attachment":[{"href":"https:\/\/www.cayoresort.com\/de\/wp-json\/wp\/v2\/media?parent=2796"}],"curies":[{"name":"wp","href":"https:\/\/api.w.org\/{rel}","templated":true}]}}